{"id":15,"date":"2023-07-28T01:09:35","date_gmt":"2023-07-28T01:09:35","guid":{"rendered":"https:\/\/cemati.org\/wpoetry\/?page_id=15"},"modified":"2026-02-09T21:38:18","modified_gmt":"2026-02-10T05:38:18","slug":"about","status":"publish","type":"page","link":"https:\/\/cemati.org\/wpoetry\/index.php\/about\/","title":{"rendered":"Info"},"content":{"rendered":"\r\n<p style=\"text-align: right;\"><span style=\"color: #3366ff;\"><span style=\"color: #000000;\"><span style=\"color: #3366ff;\"><strong>Laboratorio CEMATI (Pro Ing. Matem\u00e1tica@TecNM\/ITT)<\/strong><\/span>, est\u00e1 dedicado a promover <\/span><strong><span style=\"color: #3366ff;\"><em>recursos, actividades y eventos<\/em><\/span>, <\/strong><span style=\"color: #000000;\">asociados a las matem\u00e1ticas: su cultura, aprendizaje y ense\u00f1anza, con \u00e9nfasis principal <\/span><span style=\"color: #000000;\">(<em>aunque no necesariamente exclusivo<\/em>) en el nivel universitario, y una orientaci\u00f3n inicial a <em><strong>Ingenier\u00eda Matem\u00e1tica<\/strong><\/em>\u00a0por su <em>viabilidad<\/em> en el <a href=\"https:\/\/tecnm.mx\" target=\"_blank\" rel=\"noopener\"><strong><em>TecNM<\/em><\/strong><\/a> (ver p. ej. la <a href=\"https:\/\/www.springer.com\/series\/8445\/books\" target=\"_blank\" rel=\"noopener\"><span style=\"color: #3366ff;\"><em><strong>serie de libros Springer<\/strong> sobre <strong>mathematical engineering<\/strong><\/em><\/span><\/a>).<\/span><\/span><\/p>\r\n<h3 style=\"text-align: right;\"><span style=\"color: #3366ff;\"><span style=\"color: #000000;\"><em><strong>Se le invita a visitar nuestro sitio de Recursos Web en<\/strong>:<\/em> <\/span><span style=\"color: #ff0000;\">\u2666<\/span><a style=\"color: #3366ff;\" href=\"https:\/\/labci.edublogs.org\" target=\"_blank\" rel=\"noopener\">https:\/\/<\/a><strong><a style=\"color: #3366ff;\" href=\"https:\/\/labci.edublogs.org\" target=\"_blank\" rel=\"noopener\">labci.edublogs.org <\/a><\/strong>(p. ej. las p\u00e1ginas: <a style=\"color: #3366ff;\" href=\"https:\/\/labci.edublogs.org\/desarrollo-profesional\/\" target=\"_blank\" rel=\"noopener\"><strong><em>Desarrollo profesional<\/em><\/strong><\/a><strong><em> | <span style=\"color: #99cc00;\"><a style=\"color: #99cc00;\" href=\"https:\/\/labci.edublogs.org\/exploraciones-%ce%bb\/\" target=\"_blank\" rel=\"noopener\">E\u03c7ploraciones-\u03bb<\/a><\/span><\/em><\/strong>).<\/span><\/h3>\r\n<p style=\"text-align: right;\"><span style=\"color: #000000;\"><em>Gracias por su visita y <strong>mucho \u00e9xito en su desarrollo matem\u00e1tico y humano<\/strong>. (Kind regards. Enrique Comer-Barrag\u00e1n, DCB).\u00a0<\/em><\/span><span style=\"color: #000000;\"><em>Para <\/em><\/span><span style=\"color: #000000;\"><em>informaci\u00f3n adicional comunicarse a: <strong>explora<\/strong> (at) <strong>cemati<\/strong> (dot) <strong>org <\/strong><\/em><\/span><\/p>\r\n<p style=\"text-align: right;\"><span style=\"color: #3366ff;\"><strong>Per\u00edodo<\/strong> 2026-1: \u25c4[ <span style=\"color: #ff6600;\"><strong><a href=\"https:\/\/cemati.org\/wpoetry\/wp-content\/uploads\/2026\/02\/26a09F-Horario-LabCi.pdf\" target=\"_blank\" rel=\"noopener\"><span style=\"color: #808000;\">Horario-de-actividades26a<\/span><\/a>\u00a0<\/strong><\/span><\/span><strong><span style=\"color: #3366ff;\"><span style=\"color: #808080;\">|<\/span> <span style=\"color: #99cc00;\"><em><a style=\"color: #99cc00;\" href=\"https:\/\/cemati.org\/wpoetry\/wp-content\/uploads\/2026\/02\/\u2666R7-ActivC-26a.pdf\">Activ-C\u03bb<\/a><\/em><\/span><\/span> <\/strong><span style=\"color: #3366ff;\">]\u25ba<\/span><\/p>\r\n","protected":false},"excerpt":{"rendered":"<p>Laboratorio CEMATI (Pro Ing. Matem\u00e1tica@TecNM\/ITT), est\u00e1 dedicado a promover recursos, actividades y eventos, asociados a las matem\u00e1ticas: su cultura, aprendizaje y ense\u00f1anza, con \u00e9nfasis principal (aunque no necesariamente exclusivo) en el nivel universitario, y una orientaci\u00f3n inicial a Ingenier\u00eda Matem\u00e1tica\u00a0por su viabilidad en el TecNM (ver p. ej. la serie de libros Springer sobre mathematical &hellip; <\/p>\n<p class=\"link-more\"><a href=\"https:\/\/cemati.org\/wpoetry\/index.php\/about\/\" class=\"more-link\">Continue reading<span class=\"screen-reader-text\"> &#8220;Info&#8221;<\/span><\/a><\/p>\n","protected":false},"author":1,"featured_media":0,"parent":0,"menu_order":0,"comment_status":"closed","ping_status":"closed","template":"","meta":{"footnotes":""},"class_list":["post-15","page","type-page","status-publish","hentry"],"_links":{"self":[{"href":"https:\/\/cemati.org\/wpoetry\/index.php\/wp-json\/wp\/v2\/pages\/15","targetHints":{"allow":["GET"]}}],"collection":[{"href":"https:\/\/cemati.org\/wpoetry\/index.php\/wp-json\/wp\/v2\/pages"}],"about":[{"href":"https:\/\/cemati.org\/wpoetry\/index.php\/wp-json\/wp\/v2\/types\/page"}],"author":[{"embeddable":true,"href":"https:\/\/cemati.org\/wpoetry\/index.php\/wp-json\/wp\/v2\/users\/1"}],"replies":[{"embeddable":true,"href":"https:\/\/cemati.org\/wpoetry\/index.php\/wp-json\/wp\/v2\/comments?post=15"}],"version-history":[{"count":76,"href":"https:\/\/cemati.org\/wpoetry\/index.php\/wp-json\/wp\/v2\/pages\/15\/revisions"}],"predecessor-version":[{"id":266,"href":"https:\/\/cemati.org\/wpoetry\/index.php\/wp-json\/wp\/v2\/pages\/15\/revisions\/266"}],"wp:attachment":[{"href":"https:\/\/cemati.org\/wpoetry\/index.php\/wp-json\/wp\/v2\/media?parent=15"}],"curies":[{"name":"wp","href":"https:\/\/api.w.org\/{rel}","templated":true}]}}